{"id":1007,"date":"2024-09-26T10:46:15","date_gmt":"2024-09-26T10:46:15","guid":{"rendered":"https:\/\/www.becybersafe.be\/analysez-gratuitement-le-niveau-de-securite-de-votre-site-web\/"},"modified":"2024-11-05T12:09:15","modified_gmt":"2024-11-05T12:09:15","slug":"analysez-gratuitement-le-niveau-de-securite-de-votre-site-web","status":"publish","type":"page","link":"https:\/\/www.becybersafe.be\/fr\/analysez-gratuitement-le-niveau-de-securite-de-votre-site-web\/","title":{"rendered":"Analysez gratuitement le niveau de s\u00e9curit\u00e9 de votre site web"},"content":{"rendered":"\n<p class=\"has-text-align-left\">Pas s\u00fbr que votre site web soit correctement s\u00e9curis\u00e9 ? Le Centre for Cybersecurity Belgium (CCB) a d\u00e9velopp\u00e9 le \u2018<strong>Quick Scan Report Service<\/strong>\u2019 pour les organisations et entreprises belges.<\/p>\n\n\n\n<p class=\"has-text-align-left\">Ce scan automatique et unique de votre site web ou de votre boutique en ligne est gratuit et vous donne en moins de 72 h un rapport indiquant les faiblesses en mati\u00e8re de s\u00e9curit\u00e9 de vos activit\u00e9s en ligne. L\u2019analyse est non intrusive et n\u2019alourdit ni ne ralentit votre site web.<\/p>\n\n\n\n<div style=\"height:30px\" aria-hidden=\"true\" class=\"wp-block-spacer\"><\/div>\n\n\n\n<div class=\"wp-block-buttons is-layout-flex wp-block-buttons-is-layout-flex\">\n<div class=\"wp-block-button\"><a class=\"wp-block-button__link wp-element-button\" href=\"https:\/\/atwork.safeonweb.be\/fr\/register-my-organisation\">Faites le scan gratuit ici<\/a><\/div>\n<\/div>\n\n\n\n<div style=\"height:30px\" aria-hidden=\"true\" class=\"wp-block-spacer\"><\/div>\n\n\n\n<p>La vid\u00e9o ci-dessous vous explique en 1 minute le Quick Scan et comment \u00e7a marche. Vous retrouverez \u00e9galement <a href=\"#3\u00e9tapes\">les 3 \u00e9tapes ici.<\/a><\/p>\n\n\n\n<div class=\"wp-block-group is-nowrap is-layout-flex wp-container-core-group-is-layout-ad2f72ca wp-block-group-is-layout-flex\">\n<figure class=\"wp-block-video\"><video controls src=\"https:\/\/www.becybersafe.be\/app\/uploads\/2024\/10\/Video_FR_quickscan_safeonweb_4website.mp4\"><\/video><\/figure>\n\n\n\n<div style=\"height:58px;width:0px\" aria-hidden=\"true\" class=\"wp-block-spacer wp-container-content-435e978a\"><\/div>\n<\/div>\n\n\n\n<div style=\"height:80px\" aria-hidden=\"true\" id=\"3\u00e9tapes\" class=\"wp-block-spacer\"><\/div>\n\n\n\n<h2 class=\"wp-block-heading\">Trois \u00e9tapes simples pour une protection renforc\u00e9e :<\/h2>\n\n\n\n<div class=\"wp-block-columns is-layout-flex wp-container-core-columns-is-layout-9d6595d7 wp-block-columns-is-layout-flex\">\n<div class=\"wp-block-column is-vertically-aligned-top is-layout-flow wp-block-column-is-layout-flow\" style=\"flex-basis:66.66%\">\n<p><strong>1.<\/strong> <strong>Enregistrez gratuitement votre entreprise sur la plateforme <a href=\"https:\/\/atwork.safeonweb.be\/fr\/register-my-organisation\" target=\"_blank\" rel=\"noreferrer noopener\">Safeonweb@work<\/a>. <\/strong><\/p>\n\n\n\n<p>Cela se fait via une authentification avec Itsme ou votre eID. Si vous n&#8217;\u00eates pas le repr\u00e9sentant l\u00e9gal de votre entreprise, vous pouvez (faire) attribuer le r\u00f4le n\u00e9cessaire sur la plateforme <a href=\"https:\/\/iamapps.belgium.be\/rma\/generalinfo?redirectUrl=\/rma&amp;language=fr\">My eGov Role<\/a> Management. Le manuel \u00e0 cet effet se trouve <a href=\"https:\/\/atwork.safeonweb.be\/fr\/comment-enregistrer-votre-organisation-sur-safeonwebwork-pour-la-premiere-fois\">ici<\/a>.<\/p>\n\n\n\n<div class=\"figure-img\"><\/div>\n\n\n\n<p><strong>2. Lancez le Quick Scan sur <a href=\"https:\/\/atwork.safeonweb.be\/fr\/register-my-organisation\" target=\"_blank\" rel=\"noreferrer noopener\">Safeonweb@work<\/a>. <\/strong><\/p>\n\n\n\n<p>Dans votre compte Safeonweb@work, sous Services, cliquez sur \u00ab Lancer un Quick Scan \u00bb en bas de page. En moins de 48 h, vous recevrez 5 emails diff\u00e9rents avec les pi\u00e8ces jointes suivantes :<\/p>\n\n\n\n<ul class=\"wp-block-list\">\n<li>un rapport de synth\u00e8se fournissant un aper\u00e7u de haut niveau de la posture de s\u00e9curit\u00e9 publique<\/li>\n\n\n\n<li>un rapport de synth\u00e8se avec tous les domaines d\u00e9couverts et faisant partie de l\u2019\u00e9valuation<\/li>\n\n\n\n<li>un rapport d\u00e9taill\u00e9 avec les vuln\u00e9rabilit\u00e9s potentielles identifi\u00e9es<\/li>\n\n\n\n<li>un profil de risques<\/li>\n\n\n\n<li>une liste des vuln\u00e9rabilit\u00e9s potentielles CVE visibles depuis Internet, y compris leur gravit\u00e9 et leur statut de v\u00e9rification<\/li>\n<\/ul>\n\n\n\n<div class=\"figure-img\"><\/div>\n<\/div>\n<\/div>\n\n\n\n<p><strong>3. Sur base des r\u00e9sultats et leur analyse, renforcez votre s\u00e9curit\u00e9 en ligne. <\/strong><\/p>\n\n\n\n<p>Vous savez maintenant o\u00f9 se situent les vuln\u00e9rabilit\u00e9s de vos activit\u00e9s en ligne. N&#8217;oubliez pas de demander l&#8217;aide de votre informaticien, de votre partenaire informatique ou de votre fournisseur de services en ligne.<\/p>\n\n\n\n<div style=\"height:50px\" aria-hidden=\"true\" class=\"wp-block-spacer\"><\/div>\n\n\n\n<h2 class=\"wp-block-heading\">Besoin d&#8217;aide ?<\/h2>\n\n\n\n<p>Vous avez besoin d&#8217;aide pour comprendre ce rapport et savoir ce que vous devez faire pour \u00e9liminer les vuln\u00e9rabilit\u00e9s indiqu\u00e9es ? Cette plateforme de BeCyberSafe pourrait vous aider \u00e0 trouver ce dont vous avez besoin. Inscrivez-vous au <strong>webinaire \u00ab Comment interpr\u00e9ter les rapport du Quick Scan et \u00e9liminer les vuln\u00e9rabilit\u00e9s ? \u00bb<\/strong> Ou <strong>r\u00e9servez une heure avec l&#8217;un de nos experts<\/strong> en cybers\u00e9curit\u00e9 qui vous aidera \u00e0 prendre les mesures n\u00e9cessaires.<\/p>\n\n\n\n<div style=\"height:40px\" aria-hidden=\"true\" class=\"wp-block-spacer\"><\/div>\n\n\n\n<div class=\"wp-block-columns is-layout-flex wp-container-core-columns-is-layout-9d6595d7 wp-block-columns-is-layout-flex\">\n<div class=\"wp-block-column is-layout-flow wp-block-column-is-layout-flow\"><div id=\"small-cta-block_e0a424b06ba1aff8c7b991377285f6ca\" class=\"block-small-cta\">\n    <div class=\"block-icon\">\n            <\/div>\n        <div class=\"h2\">Webinaires<\/div>\n    \n        <div class=\"description\"><p>Inscrivez-vous au webinaire gratuit \u00ab Comment lire les rapports d&#8217;analyse rapide et corriger les vuln\u00e9rabilit\u00e9s ? \u00bb<\/p>\n<p>D\u00e9couvrez \u00e9galement tous nos webinaires sur la cybers\u00e9curit\u00e9. Vous avez manqu\u00e9 un webinaire ou vous ne pouvez pas y assister ? T\u00e9l\u00e9chargez les rediffusions gratuitement.<\/p>\n<\/div>\n    \n    \n            <a class=\"btn-link\" href=\"https:\/\/www.becybersafe.be\/nl\/webinars\/\" title=\"Plus d'informations\">\n            <span>Plus d&#8217;informations<\/span>\n        <\/a>\n    <\/div>\n<\/div>\n\n\n\n<div class=\"wp-block-column is-layout-flow wp-block-column-is-layout-flow\"><div id=\"small-cta-block_971433dbe8aa497b0b2e468b9dff0bff\" class=\"block-small-cta\">\n    <div class=\"block-icon\">\n            <\/div>\n        <div class=\"h2\">Conseils et accompagnement<\/div>\n    \n        <div class=\"description\"><p>Besoin d&#8217;aide pour lire et comprendre votre rapport Quick Scan ? Besoin de conseils personnalis\u00e9s adapt\u00e9s \u00e0 vos activit\u00e9s ?<\/p>\n<p>R\u00e9servez une session gratuite (1 heure) avec l&#8217;un de nos experts en cybers\u00e9curit\u00e9 pour vous aider \u00e0 prendre les bonnes mesures.<\/p>\n<\/div>\n    \n    \n            <a class=\"btn-link\" href=\"https:\/\/www.becybersafe.be\/fr\/reservez-votre-seance-de-conseil-gratuite-ici\/\" title=\"Plus d'informations\">\n            <span>Plus d&#8217;informations<\/span>\n        <\/a>\n    <\/div>\n<\/div>\n<\/div>\n\n\n\n<div style=\"height:30px\" aria-hidden=\"true\" class=\"wp-block-spacer\"><\/div>\n\n\n\n<div class=\"wp-block-columns is-layout-flex wp-container-core-columns-is-layout-9d6595d7 wp-block-columns-is-layout-flex\">\n<div class=\"wp-block-column is-layout-flow wp-block-column-is-layout-flow\" style=\"flex-basis:100%\">\n<div class=\"wp-block-columns is-layout-flex wp-container-core-columns-is-layout-9d6595d7 wp-block-columns-is-layout-flex\">\n<div class=\"wp-block-column is-layout-flow wp-block-column-is-layout-flow\"><div id=\"small-cta-block_f4ebcd875395803d7aeba867c3643640\" class=\"block-small-cta\">\n    <div class=\"block-icon\">\n            <\/div>\n        <div class=\"h2\">Documents<\/div>\n    \n        <div class=\"description\"><p>Qu&#8217;il s&#8217;agisse de lignes directrices en mati\u00e8re de s\u00e9curit\u00e9 ou checklists et d&#8217;outils pratiques, ces documents servent de guide pour renforcer la s\u00e9curit\u00e9 num\u00e9rique de votre boutique en ligne ou de votre (micro) entreprise, pour vous tenir au courant des derni\u00e8res \u00e9volutions et pour \u00eatre pr\u00eat \u00e0 faire face \u00e0 un \u00e9ventuel probl\u00e8me. Le t\u00e9l\u00e9chargement est gratuit.<\/p>\n<\/div>\n    \n    \n            <a class=\"btn-link\" href=\"https:\/\/www.becybersafe.be\/nl\/documents\/\" title=\"Plus d'informations\">\n            <span>Plus d&#8217;informations<\/span>\n        <\/a>\n    <\/div>\n<\/div>\n\n\n\n<div class=\"wp-block-column is-layout-flow wp-block-column-is-layout-flow\"><div id=\"small-cta-block_3bca568a0c8431d41abc4da767948df1\" class=\"block-small-cta\">\n    <div class=\"block-icon\">\n            <\/div>\n        <div class=\"h2\">Podcasts<\/div>\n    \n        <div class=\"description\"><p>D\u00e9couvrez notre s\u00e9rie de podcasts contenant des informations pr\u00e9cieuses et des conseils pratiques pour aider votre boutique en ligne, TPE ou PME \u00e0 renforcer ses strat\u00e9gies de s\u00e9curit\u00e9 en ligne et informatique. En d&#8217;autres termes, vous apprendrez \u00e0 prot\u00e9ger votre entreprise dans le monde num\u00e9rique. Vous pouvez t\u00e9l\u00e9charger les podcasts ou les \u00e9couter en ligne.<\/p>\n<\/div>\n    \n    \n            <a class=\"btn-link\" href=\"https:\/\/www.becybersafe.be\/nl\/podcasts\/\" title=\"Plus d'informations\">\n            <span>Plus d&#8217;informations<\/span>\n        <\/a>\n    <\/div>\n<\/div>\n<\/div>\n<\/div>\n<\/div>\n\n\n\n<div class=\"wp-block-columns is-layout-flex wp-container-core-columns-is-layout-9d6595d7 wp-block-columns-is-layout-flex\">\n<div class=\"wp-block-column is-layout-flow wp-block-column-is-layout-flow\" style=\"flex-basis:100%\"><\/div>\n<\/div>\n\n\n\n<div class=\"figure-img\"><\/div>\n","protected":false},"excerpt":{"rendered":"<p>Pas s\u00fbr que votre site web soit correctement s\u00e9curis\u00e9 ? Le Centre for Cybersecurity Belgium (CCB) a d\u00e9velopp\u00e9 le \u2018Quick &hellip; <a href=\"https:\/\/www.becybersafe.be\/fr\/analysez-gratuitement-le-niveau-de-securite-de-votre-site-web\/\">Continued<\/a><\/p>\n","protected":false},"author":6,"featured_media":0,"parent":0,"menu_order":0,"comment_status":"closed","ping_status":"closed","template":"","meta":{"_acf_changed":false,"footnotes":""},"class_list":["post-1007","page","type-page","status-publish","hentry"],"acf":[],"yoast_head":"<!-- This site is optimized with the Yoast SEO plugin v26.1.1 - https:\/\/yoast.com\/wordpress\/plugins\/seo\/ -->\n<title>Analysez gratuitement le niveau de s\u00e9curit\u00e9 de votre site web - BeCyberSafe<\/title>\n<meta name=\"description\" content=\"Ce scan automatique et unique de votre site web ou de votre boutique en ligne est gratuit et vous donne en quelques minutes seulement un rapport indiquant les faiblesses en mati\u00e8re de s\u00e9curit\u00e9 de vos activit\u00e9s en ligne.\" \/>\n<meta name=\"robots\" content=\"index, follow, max-snippet:-1, max-image-preview:large, max-video-preview:-1\" \/>\n<link rel=\"canonical\" href=\"https:\/\/www.becybersafe.be\/fr\/analysez-gratuitement-le-niveau-de-securite-de-votre-site-web\/\" \/>\n<meta property=\"og:locale\" content=\"fr_FR\" \/>\n<meta property=\"og:type\" content=\"article\" \/>\n<meta property=\"og:title\" content=\"Analysez gratuitement le niveau de s\u00e9curit\u00e9 de votre site web - BeCyberSafe\" \/>\n<meta property=\"og:description\" content=\"Ce scan automatique et unique de votre site web ou de votre boutique en ligne est gratuit et vous donne en quelques minutes seulement un rapport indiquant les faiblesses en mati\u00e8re de s\u00e9curit\u00e9 de vos activit\u00e9s en ligne.\" \/>\n<meta property=\"og:url\" content=\"https:\/\/www.becybersafe.be\/fr\/analysez-gratuitement-le-niveau-de-securite-de-votre-site-web\/\" \/>\n<meta property=\"og:site_name\" content=\"BeCyberSafe\" \/>\n<meta property=\"article:modified_time\" content=\"2024-11-05T12:09:15+00:00\" \/>\n<meta name=\"twitter:card\" content=\"summary_large_image\" \/>\n<meta name=\"twitter:label1\" content=\"Est. reading time\" \/>\n\t<meta name=\"twitter:data1\" content=\"2 minutes\" \/>\n<script type=\"application\/ld+json\" class=\"yoast-schema-graph\">{\n\t    \"@context\": \"https:\/\/schema.org\",\n\t    \"@graph\": [\n\t        {\n\t            \"@type\": \"WebPage\",\n\t            \"@id\": \"https:\/\/www.becybersafe.be\/fr\/analysez-gratuitement-le-niveau-de-securite-de-votre-site-web\/\",\n\t            \"url\": \"https:\/\/www.becybersafe.be\/fr\/analysez-gratuitement-le-niveau-de-securite-de-votre-site-web\/\",\n\t            \"name\": \"Analysez gratuitement le niveau de s\u00e9curit\u00e9 de votre site web - BeCyberSafe\",\n\t            \"isPartOf\": {\n\t                \"@id\": \"https:\/\/www.becybersafe.be\/fr\/#website\"\n\t            },\n\t            \"datePublished\": \"2024-09-26T10:46:15+00:00\",\n\t            \"dateModified\": \"2024-11-05T12:09:15+00:00\",\n\t            \"description\": \"Ce scan automatique et unique de votre site web ou de votre boutique en ligne est gratuit et vous donne en quelques minutes seulement un rapport indiquant les faiblesses en mati\u00e8re de s\u00e9curit\u00e9 de vos activit\u00e9s en ligne.\",\n\t            \"breadcrumb\": {\n\t                \"@id\": \"https:\/\/www.becybersafe.be\/fr\/analysez-gratuitement-le-niveau-de-securite-de-votre-site-web\/#breadcrumb\"\n\t            },\n\t            \"inLanguage\": \"fr-FR\",\n\t            \"potentialAction\": [\n\t                {\n\t                    \"@type\": \"ReadAction\",\n\t                    \"target\": [\n\t                        \"https:\/\/www.becybersafe.be\/fr\/analysez-gratuitement-le-niveau-de-securite-de-votre-site-web\/\"\n\t                    ]\n\t                }\n\t            ]\n\t        },\n\t        {\n\t            \"@type\": \"BreadcrumbList\",\n\t            \"@id\": \"https:\/\/www.becybersafe.be\/fr\/analysez-gratuitement-le-niveau-de-securite-de-votre-site-web\/#breadcrumb\",\n\t            \"itemListElement\": [\n\t                {\n\t                    \"@type\": \"ListItem\",\n\t                    \"position\": 1,\n\t                    \"name\": \"Home\",\n\t                    \"item\": \"https:\/\/www.becybersafe.be\/fr\/\"\n\t                },\n\t                {\n\t                    \"@type\": \"ListItem\",\n\t                    \"position\": 2,\n\t                    \"name\": \"Analysez gratuitement le niveau de s\u00e9curit\u00e9 de votre site web\"\n\t                }\n\t            ]\n\t        },\n\t        {\n\t            \"@type\": \"WebSite\",\n\t            \"@id\": \"https:\/\/www.becybersafe.be\/fr\/#website\",\n\t            \"url\": \"https:\/\/www.becybersafe.be\/fr\/\",\n\t            \"name\": \"BeCyberSafe\",\n\t            \"description\": \"\",\n\t            \"publisher\": {\n\t                \"@id\": \"https:\/\/www.becybersafe.be\/fr\/#organization\"\n\t            },\n\t            \"potentialAction\": [\n\t                {\n\t                    \"@type\": \"SearchAction\",\n\t                    \"target\": {\n\t                        \"@type\": \"EntryPoint\",\n\t                        \"urlTemplate\": \"https:\/\/www.becybersafe.be\/fr\/?s={search_term_string}\"\n\t                    },\n\t                    \"query-input\": {\n\t                        \"@type\": \"PropertyValueSpecification\",\n\t                        \"valueRequired\": true,\n\t                        \"valueName\": \"search_term_string\"\n\t                    }\n\t                }\n\t            ],\n\t            \"inLanguage\": \"fr-FR\"\n\t        },\n\t        {\n\t            \"@type\": \"Organization\",\n\t            \"@id\": \"https:\/\/www.becybersafe.be\/fr\/#organization\",\n\t            \"name\": \"BeCyberSafe\",\n\t            \"url\": \"https:\/\/www.becybersafe.be\/fr\/\",\n\t            \"logo\": {\n\t                \"@type\": \"ImageObject\",\n\t                \"inLanguage\": \"fr-FR\",\n\t                \"@id\": \"https:\/\/www.becybersafe.be\/fr\/#\/schema\/logo\/image\/\",\n\t                \"url\": \"https:\/\/www.becybersafe.be\/app\/uploads\/2023\/08\/BCS_Logo_black@2x-e1693488227698.png\",\n\t                \"contentUrl\": \"https:\/\/www.becybersafe.be\/app\/uploads\/2023\/08\/BCS_Logo_black@2x-e1693488227698.png\",\n\t                \"width\": 1104,\n\t                \"height\": 463,\n\t                \"caption\": \"BeCyberSafe\"\n\t            },\n\t            \"image\": {\n\t                \"@id\": \"https:\/\/www.becybersafe.be\/fr\/#\/schema\/logo\/image\/\"\n\t            }\n\t        }\n\t    ]\n\t}<\/script>\n<!-- \/ Yoast SEO plugin. -->","yoast_head_json":{"title":"Analysez gratuitement le niveau de s\u00e9curit\u00e9 de votre site web - BeCyberSafe","description":"Ce scan automatique et unique de votre site web ou de votre boutique en ligne est gratuit et vous donne en quelques minutes seulement un rapport indiquant les faiblesses en mati\u00e8re de s\u00e9curit\u00e9 de vos activit\u00e9s en ligne.","robots":{"index":"index","follow":"follow","max-snippet":"max-snippet:-1","max-image-preview":"max-image-preview:large","max-video-preview":"max-video-preview:-1"},"canonical":"https:\/\/www.becybersafe.be\/fr\/analysez-gratuitement-le-niveau-de-securite-de-votre-site-web\/","og_locale":"fr_FR","og_type":"article","og_title":"Analysez gratuitement le niveau de s\u00e9curit\u00e9 de votre site web - BeCyberSafe","og_description":"Ce scan automatique et unique de votre site web ou de votre boutique en ligne est gratuit et vous donne en quelques minutes seulement un rapport indiquant les faiblesses en mati\u00e8re de s\u00e9curit\u00e9 de vos activit\u00e9s en ligne.","og_url":"https:\/\/www.becybersafe.be\/fr\/analysez-gratuitement-le-niveau-de-securite-de-votre-site-web\/","og_site_name":"BeCyberSafe","article_modified_time":"2024-11-05T12:09:15+00:00","twitter_card":"summary_large_image","twitter_misc":{"Est. reading time":"2 minutes"},"schema":{"@context":"https:\/\/schema.org","@graph":[{"@type":"WebPage","@id":"https:\/\/www.becybersafe.be\/fr\/analysez-gratuitement-le-niveau-de-securite-de-votre-site-web\/","url":"https:\/\/www.becybersafe.be\/fr\/analysez-gratuitement-le-niveau-de-securite-de-votre-site-web\/","name":"Analysez gratuitement le niveau de s\u00e9curit\u00e9 de votre site web - BeCyberSafe","isPartOf":{"@id":"https:\/\/www.becybersafe.be\/fr\/#website"},"datePublished":"2024-09-26T10:46:15+00:00","dateModified":"2024-11-05T12:09:15+00:00","description":"Ce scan automatique et unique de votre site web ou de votre boutique en ligne est gratuit et vous donne en quelques minutes seulement un rapport indiquant les faiblesses en mati\u00e8re de s\u00e9curit\u00e9 de vos activit\u00e9s en ligne.","breadcrumb":{"@id":"https:\/\/www.becybersafe.be\/fr\/analysez-gratuitement-le-niveau-de-securite-de-votre-site-web\/#breadcrumb"},"inLanguage":"fr-FR","potentialAction":[{"@type":"ReadAction","target":["https:\/\/www.becybersafe.be\/fr\/analysez-gratuitement-le-niveau-de-securite-de-votre-site-web\/"]}]},{"@type":"BreadcrumbList","@id":"https:\/\/www.becybersafe.be\/fr\/analysez-gratuitement-le-niveau-de-securite-de-votre-site-web\/#breadcrumb","itemListElement":[{"@type":"ListItem","position":1,"name":"Home","item":"https:\/\/www.becybersafe.be\/fr\/"},{"@type":"ListItem","position":2,"name":"Analysez gratuitement le niveau de s\u00e9curit\u00e9 de votre site web"}]},{"@type":"WebSite","@id":"https:\/\/www.becybersafe.be\/fr\/#website","url":"https:\/\/www.becybersafe.be\/fr\/","name":"BeCyberSafe","description":"","publisher":{"@id":"https:\/\/www.becybersafe.be\/fr\/#organization"},"potentialAction":[{"@type":"SearchAction","target":{"@type":"EntryPoint","urlTemplate":"https:\/\/www.becybersafe.be\/fr\/?s={search_term_string}"},"query-input":{"@type":"PropertyValueSpecification","valueRequired":true,"valueName":"search_term_string"}}],"inLanguage":"fr-FR"},{"@type":"Organization","@id":"https:\/\/www.becybersafe.be\/fr\/#organization","name":"BeCyberSafe","url":"https:\/\/www.becybersafe.be\/fr\/","logo":{"@type":"ImageObject","inLanguage":"fr-FR","@id":"https:\/\/www.becybersafe.be\/fr\/#\/schema\/logo\/image\/","url":"https:\/\/www.becybersafe.be\/app\/uploads\/2023\/08\/BCS_Logo_black@2x-e1693488227698.png","contentUrl":"https:\/\/www.becybersafe.be\/app\/uploads\/2023\/08\/BCS_Logo_black@2x-e1693488227698.png","width":1104,"height":463,"caption":"BeCyberSafe"},"image":{"@id":"https:\/\/www.becybersafe.be\/fr\/#\/schema\/logo\/image\/"}}]}},"_links":{"self":[{"href":"https:\/\/www.becybersafe.be\/fr\/wp-json\/wp\/v2\/pages\/1007","targetHints":{"allow":["GET"]}}],"collection":[{"href":"https:\/\/www.becybersafe.be\/fr\/wp-json\/wp\/v2\/pages"}],"about":[{"href":"https:\/\/www.becybersafe.be\/fr\/wp-json\/wp\/v2\/types\/page"}],"author":[{"embeddable":true,"href":"https:\/\/www.becybersafe.be\/fr\/wp-json\/wp\/v2\/users\/6"}],"replies":[{"embeddable":true,"href":"https:\/\/www.becybersafe.be\/fr\/wp-json\/wp\/v2\/comments?post=1007"}],"version-history":[{"count":16,"href":"https:\/\/www.becybersafe.be\/fr\/wp-json\/wp\/v2\/pages\/1007\/revisions"}],"predecessor-version":[{"id":1223,"href":"https:\/\/www.becybersafe.be\/fr\/wp-json\/wp\/v2\/pages\/1007\/revisions\/1223"}],"wp:attachment":[{"href":"https:\/\/www.becybersafe.be\/fr\/wp-json\/wp\/v2\/media?parent=1007"}],"curies":[{"name":"wp","href":"https:\/\/api.w.org\/{rel}","templated":true}]}}