{"id":535,"date":"2023-08-08T12:56:48","date_gmt":"2023-08-08T12:56:48","guid":{"rendered":"https:\/\/www.becybersafe.be\/home\/"},"modified":"2025-12-08T10:14:21","modified_gmt":"2025-12-08T10:14:21","slug":"home","status":"publish","type":"page","link":"https:\/\/www.becybersafe.be\/fr\/","title":{"rendered":"Home"},"content":{"rendered":"\n<div style=\"height:80px\" aria-hidden=\"true\" class=\"wp-block-spacer\"><\/div>\n\n\n<div id=\"block-hero-block_17415a57655ff0a352c5e015fef1b51f\" class=\"block-hero\">\n        <div class=\"content\">\n        <div class=\"description\">\n            <div class=\"embed-responsive embed-responsive-16by9\"><iframe title=\"BeCyberSafe vous aide \u00e0 d\u00e9jouer les hackers\" src=\"https:\/\/www.youtube.com\/embed\/q7wfHOdu-nQ?feature=oembed\" frameborder=\"0\" allow=\"accelerometer; autoplay; clipboard-write; encrypted-media; gyroscope; picture-in-picture; web-share\" referrerpolicy=\"strict-origin-when-cross-origin\" allowfullscreen><\/iframe><\/div>\n<p>&nbsp;<\/p>\n<p class=\"h1\">Cybers\u00e9curit\u00e9 pour PME, ind\u00e9pendants et commer\u00e7ants en ligne<\/p>\n<div>\n<div>\n<p>Prot\u00e9gez votre entreprise contre les cyberattaques et les risques num\u00e9riques. BeCyberSafe.be est la plateforme d\u2019information sur la cybers\u00e9curit\u00e9, cr\u00e9\u00e9e par NSZ et Becom, avec le soutien du SPF \u00c9conomie et financ\u00e9e par l\u2019Union europ\u00e9enne \u2013 NextGenerationEU.<\/p>\n<p>Acc\u00e9dez \u00e0 des <strong>conseils pratiques<\/strong>, un <strong>scan cybers\u00e9curit\u00e9 gratuit<\/strong>, des <strong>webinaires<\/strong>, <strong>podcasts<\/strong> et <strong>documents<\/strong> pour renforcer la <strong>cyber-r\u00e9silience<\/strong> de votre PME, micro-entreprise ou e-commerce.<\/p>\n<p>\u2705 <strong>\u00c9vitez les piratages et les fuites de donn\u00e9es<\/strong><br \/>\n\u2705 <strong>Renforcez votre s\u00e9curit\u00e9 en ligne<\/strong><br \/>\n\u2705 <strong>Prot\u00e9gez votre activit\u00e9 d\u00e8s aujourd\u2019hui<\/strong><\/p>\n<p><strong>R\u00e9servez votre s\u00e9ance de conseil gratuite<\/strong> avec un <strong>expert ind\u00e9pendant en cybers\u00e9curit\u00e9<\/strong> et commencez \u00e0 s\u00e9curiser votre avenir num\u00e9rique.<\/p>\n<\/div>\n<\/div>\n        <\/div>\n                            <div class=\"benefits-wrapper\">\n                                    <div class=\"benefit\">\n                                                    <div class=\"benefit-icon icon-webinars\"><\/div>\n                                                <div class=\"benefit-title h2\">6<\/div>\n                        <p>experts dans diff\u00e9rents webinaires<\/p>\n                    <\/div>\n                                    <div class=\"benefit\">\n                                                    <div class=\"benefit-icon icon-podcasts\"><\/div>\n                                                <div class=\"benefit-title h2\">3<\/div>\n                        <p>podcasts approfondis<\/p>\n                    <\/div>\n                                    <div class=\"benefit\">\n                                                    <div class=\"benefit-icon icon-documents\"><\/div>\n                                                <div class=\"benefit-title h2\">3<\/div>\n                        <p>plans d&#8217;action strat\u00e9giques<\/p>\n                    <\/div>\n                            <\/div>\n            <\/div>\n    \n    <div class=\"block-icon\">\n                    <span class=\"icon-hero\"><\/span>\n            <\/div>\n<\/div>\n\n\n\n<div style=\"height:100px\" aria-hidden=\"true\" class=\"wp-block-spacer\"><\/div>\n\n\n\n<div class=\"wp-block-columns is-layout-flex wp-container-core-columns-is-layout-9d6595d7 wp-block-columns-is-layout-flex\">\n<div class=\"wp-block-column is-layout-flow wp-block-column-is-layout-flow\"><div id=\"small-cta-block_dd294b9b44085afd1d7752056a9d333b\" class=\"block-small-cta small-cta\">\n    <div class=\"block-icon\">\n                    <span class=\"icon-webinars\"><\/span>\n            <\/div>\n        <div class=\"h2\">Webinaires<\/div>\n    \n        <div class=\"description\"><p>D\u00e9couvrez les cl\u00e9s de la protection num\u00e9rique dans nos webinaires captivants. Cliquez ici et renforcez votre s\u00e9curit\u00e9 en ligne d\u00e8s aujourd&#8217;hui.<\/p>\n<\/div>\n    \n    \n            <a class=\"btn-link\" href=\"https:\/\/www.becybersafe.be\/fr\/webinars\/\" title=\"Plus d'informations\">\n            <span>Plus d&#8217;informations<\/span>\n        <\/a>\n    <\/div>\n<\/div>\n\n\n\n<div class=\"wp-block-column is-layout-flow wp-block-column-is-layout-flow\"><div id=\"small-cta-block_74ee5dbd872c3b8487189693f83eba96\" class=\"block-small-cta small-cta\">\n    <div class=\"block-icon\">\n                    <span class=\"icon-documents\"><\/span>\n            <\/div>\n        <div class=\"h2\">Documents<\/div>\n    \n        <div class=\"description\"><p>Plongez-vous dans des plans d&#8217;action essentiels pour prot\u00e9ger votre entreprise!<\/p>\n<\/div>\n    \n    \n            <a class=\"btn-link\" href=\"https:\/\/www.becybersafe.be\/fr\/documents\/\" title=\"Plus d'informations\">\n            <span>Plus d&#8217;informations<\/span>\n        <\/a>\n    <\/div>\n<\/div>\n\n\n\n<div class=\"wp-block-column is-layout-flow wp-block-column-is-layout-flow\"><div id=\"small-cta-block_9ddc6fcca436b79275f661bf33891f6b\" class=\"block-small-cta small-cta\">\n    <div class=\"block-icon\">\n                    <span class=\"icon-podcasts\"><\/span>\n            <\/div>\n        <div class=\"h2\">Podcasts<\/div>\n    \n        <div class=\"description\"><p>Ecoutez nos podcasts informatifs et renforcez votre d\u00e9fense num\u00e9rique. Cliquez pour les \u00e9couter et apprendre!<\/p>\n<\/div>\n    \n    \n            <a class=\"btn-link\" href=\"https:\/\/www.becybersafe.be\/fr\/podcasts\/\" title=\"Plus d'informations\">\n            <span>Plus d&#8217;informations<\/span>\n        <\/a>\n    <\/div>\n<\/div>\n<\/div>\n\n\n\n<div style=\"height:62px\" aria-hidden=\"true\" class=\"wp-block-spacer\"><\/div>\n\n\n\n<div class=\"wp-block-columns is-layout-flex wp-container-core-columns-is-layout-9d6595d7 wp-block-columns-is-layout-flex\">\n<div class=\"wp-block-column is-layout-flow wp-block-column-is-layout-flow\"><div id=\"small-cta-block_3dc9df812565c93b168236c3f0729d8d\" class=\"block-small-cta\">\n    <div class=\"block-icon\">\n                    <span class=\"icon-shield\"><\/span>\n            <\/div>\n        <div class=\"h2\">Scan de s\u00e9curit\u00e9 gratuit<\/div>\n    \n        <div class=\"description\"><p>Pas s\u00fbr que votre site web soit bien s\u00e9curis\u00e9 ? Gr\u00e2ce \u00e0 cette analyse automatique gratuite de votre site web ou boutique en ligne, vous recevrez en quelques minutes un rapport r\u00e9capitulatif des failles de s\u00e9curit\u00e9 de vos activit\u00e9s en ligne.<\/p>\n<\/div>\n    \n    \n            <a class=\"btn-link\" href=\"https:\/\/www.becybersafe.be\/fr\/analysez-gratuitement-le-niveau-de-securite-de-votre-site-web\/\" title=\"Plus d'informations\">\n            <span>Plus d&#8217;informations<\/span>\n        <\/a>\n    <\/div>\n<\/div>\n\n\n\n<div class=\"wp-block-column is-layout-flow wp-block-column-is-layout-flow\"><div id=\"small-cta-block_d86ca928f445a462a0f36810e735dc26\" class=\"block-small-cta\">\n    <div class=\"block-icon\">\n                    <span class=\"icon-cta\"><\/span>\n            <\/div>\n        <div class=\"h2\">Conseils gratuits<\/div>\n    \n        <div class=\"description\"><p>Vous avez besoin d&#8217;aide ou vous avez une question sp\u00e9cifique concernant la s\u00e9curit\u00e9 de votre site web ? Faites gratuitement appel \u00e0 un expert ind\u00e9pendant en cybers\u00e9curit\u00e9. Il vous aidera \u00e0 renforcer la s\u00e9curit\u00e9 de votre site web ou de votre boutique en ligne.<\/p>\n<\/div>\n    \n    \n            <a class=\"btn-link\" href=\"https:\/\/www.becybersafe.be\/fr\/reservez-votre-seance-de-conseil-gratuite-ici\/\" title=\"Plus d'informations\">\n            <span>Plus d&#8217;informations<\/span>\n        <\/a>\n    <\/div>\n<\/div>\n<\/div>\n\n\n\n<div style=\"height:100px\" aria-hidden=\"true\" class=\"wp-block-spacer\"><\/div>\n","protected":false},"excerpt":{"rendered":"","protected":false},"author":1,"featured_media":0,"parent":0,"menu_order":0,"comment_status":"closed","ping_status":"closed","template":"views\/template-homepage.blade.php","meta":{"_acf_changed":false,"footnotes":""},"class_list":["post-535","page","type-page","status-publish","hentry"],"acf":[],"yoast_head":"<!-- This site is optimized with the Yoast SEO plugin v26.1.1 - https:\/\/yoast.com\/wordpress\/plugins\/seo\/ -->\n<title>Home - BeCyberSafe<\/title>\n<meta name=\"description\" content=\"BeCyberSafe est une plateforme qui vous aide \u00e0 prot\u00e9ger vos activit\u00e9s contre les cyberattaques : webinaires, podcasts, scan gratuit, guides.\" \/>\n<meta name=\"robots\" content=\"index, follow, max-snippet:-1, max-image-preview:large, max-video-preview:-1\" \/>\n<link rel=\"canonical\" href=\"https:\/\/www.becybersafe.be\/fr\/\" \/>\n<meta property=\"og:locale\" content=\"fr_FR\" \/>\n<meta property=\"og:type\" content=\"article\" \/>\n<meta property=\"og:title\" content=\"Comment rendre votre entreprise cyber-s\u00e9curis\u00e9e et r\u00e9siliente ?\" \/>\n<meta property=\"og:description\" content=\"Bienvenue chez BeCyberSafe, une s\u00e9rie de webinaires, podcasts et documents sur comment s\u00e9curiser votre boutique en ligne ou votre entreprise.\" \/>\n<meta property=\"og:url\" content=\"https:\/\/www.becybersafe.be\/fr\/\" \/>\n<meta property=\"og:site_name\" content=\"BeCyberSafe\" \/>\n<meta property=\"article:modified_time\" content=\"2025-12-08T10:14:21+00:00\" \/>\n<meta property=\"og:image\" content=\"https:\/\/www.becybersafe.be\/app\/uploads\/2023\/08\/privecstasy-CXlqHmQy3MY-unsplash.jpg\" \/>\n\t<meta property=\"og:image:width\" content=\"2278\" \/>\n\t<meta property=\"og:image:height\" content=\"1536\" \/>\n\t<meta property=\"og:image:type\" content=\"image\/jpeg\" \/>\n<meta name=\"twitter:card\" content=\"summary_large_image\" \/>\n<meta name=\"twitter:label1\" content=\"Est. reading time\" \/>\n\t<meta name=\"twitter:data1\" content=\"2 minutes\" \/>\n<script type=\"application\/ld+json\" class=\"yoast-schema-graph\">{\n\t    \"@context\": \"https:\/\/schema.org\",\n\t    \"@graph\": [\n\t        {\n\t            \"@type\": \"WebPage\",\n\t            \"@id\": \"https:\/\/www.becybersafe.be\/fr\/\",\n\t            \"url\": \"https:\/\/www.becybersafe.be\/fr\/\",\n\t            \"name\": \"Home - BeCyberSafe\",\n\t            \"isPartOf\": {\n\t                \"@id\": \"https:\/\/www.becybersafe.be\/fr\/#website\"\n\t            },\n\t            \"datePublished\": \"2023-08-08T12:56:48+00:00\",\n\t            \"dateModified\": \"2025-12-08T10:14:21+00:00\",\n\t            \"description\": \"BeCyberSafe est une plateforme qui vous aide \u00e0 prot\u00e9ger vos activit\u00e9s contre les cyberattaques : webinaires, podcasts, scan gratuit, guides.\",\n\t            \"breadcrumb\": {\n\t                \"@id\": \"https:\/\/www.becybersafe.be\/fr\/#breadcrumb\"\n\t            },\n\t            \"inLanguage\": \"fr-FR\",\n\t            \"potentialAction\": [\n\t                {\n\t                    \"@type\": \"ReadAction\",\n\t                    \"target\": [\n\t                        \"https:\/\/www.becybersafe.be\/fr\/\"\n\t                    ]\n\t                }\n\t            ]\n\t        },\n\t        {\n\t            \"@type\": \"BreadcrumbList\",\n\t            \"@id\": \"https:\/\/www.becybersafe.be\/fr\/#breadcrumb\",\n\t            \"itemListElement\": [\n\t                {\n\t                    \"@type\": \"ListItem\",\n\t                    \"position\": 1,\n\t                    \"name\": \"Home\",\n\t                    \"item\": \"https:\/\/www.becybersafe.be\/fr\/\"\n\t                },\n\t                {\n\t                    \"@type\": \"ListItem\",\n\t                    \"position\": 2,\n\t                    \"name\": \"Home\"\n\t                }\n\t            ]\n\t        },\n\t        {\n\t            \"@type\": \"WebSite\",\n\t            \"@id\": \"https:\/\/www.becybersafe.be\/fr\/#website\",\n\t            \"url\": \"https:\/\/www.becybersafe.be\/fr\/\",\n\t            \"name\": \"BeCyberSafe\",\n\t            \"description\": \"\",\n\t            \"publisher\": {\n\t                \"@id\": \"https:\/\/www.becybersafe.be\/fr\/#organization\"\n\t            },\n\t            \"potentialAction\": [\n\t                {\n\t                    \"@type\": \"SearchAction\",\n\t                    \"target\": {\n\t                        \"@type\": \"EntryPoint\",\n\t                        \"urlTemplate\": \"https:\/\/www.becybersafe.be\/fr\/?s={search_term_string}\"\n\t                    },\n\t                    \"query-input\": {\n\t                        \"@type\": \"PropertyValueSpecification\",\n\t                        \"valueRequired\": true,\n\t                        \"valueName\": \"search_term_string\"\n\t                    }\n\t                }\n\t            ],\n\t            \"inLanguage\": \"fr-FR\"\n\t        },\n\t        {\n\t            \"@type\": \"Organization\",\n\t            \"@id\": \"https:\/\/www.becybersafe.be\/fr\/#organization\",\n\t            \"name\": \"BeCyberSafe\",\n\t            \"url\": \"https:\/\/www.becybersafe.be\/fr\/\",\n\t            \"logo\": {\n\t                \"@type\": \"ImageObject\",\n\t                \"inLanguage\": \"fr-FR\",\n\t                \"@id\": \"https:\/\/www.becybersafe.be\/fr\/#\/schema\/logo\/image\/\",\n\t                \"url\": \"https:\/\/www.becybersafe.be\/app\/uploads\/2023\/08\/BCS_Logo_black@2x-e1693488227698.png\",\n\t                \"contentUrl\": \"https:\/\/www.becybersafe.be\/app\/uploads\/2023\/08\/BCS_Logo_black@2x-e1693488227698.png\",\n\t                \"width\": 1104,\n\t                \"height\": 463,\n\t                \"caption\": \"BeCyberSafe\"\n\t            },\n\t            \"image\": {\n\t                \"@id\": \"https:\/\/www.becybersafe.be\/fr\/#\/schema\/logo\/image\/\"\n\t            }\n\t        }\n\t    ]\n\t}<\/script>\n<!-- \/ Yoast SEO plugin. -->","yoast_head_json":{"title":"Home - BeCyberSafe","description":"BeCyberSafe est une plateforme qui vous aide \u00e0 prot\u00e9ger vos activit\u00e9s contre les cyberattaques : webinaires, podcasts, scan gratuit, guides.","robots":{"index":"index","follow":"follow","max-snippet":"max-snippet:-1","max-image-preview":"max-image-preview:large","max-video-preview":"max-video-preview:-1"},"canonical":"https:\/\/www.becybersafe.be\/fr\/","og_locale":"fr_FR","og_type":"article","og_title":"Comment rendre votre entreprise cyber-s\u00e9curis\u00e9e et r\u00e9siliente ?","og_description":"Bienvenue chez BeCyberSafe, une s\u00e9rie de webinaires, podcasts et documents sur comment s\u00e9curiser votre boutique en ligne ou votre entreprise.","og_url":"https:\/\/www.becybersafe.be\/fr\/","og_site_name":"BeCyberSafe","article_modified_time":"2025-12-08T10:14:21+00:00","og_image":[{"width":2278,"height":1536,"url":"https:\/\/www.becybersafe.be\/app\/uploads\/2023\/08\/privecstasy-CXlqHmQy3MY-unsplash.jpg","type":"image\/jpeg"}],"twitter_card":"summary_large_image","twitter_misc":{"Est. reading time":"2 minutes"},"schema":{"@context":"https:\/\/schema.org","@graph":[{"@type":"WebPage","@id":"https:\/\/www.becybersafe.be\/fr\/","url":"https:\/\/www.becybersafe.be\/fr\/","name":"Home - BeCyberSafe","isPartOf":{"@id":"https:\/\/www.becybersafe.be\/fr\/#website"},"datePublished":"2023-08-08T12:56:48+00:00","dateModified":"2025-12-08T10:14:21+00:00","description":"BeCyberSafe est une plateforme qui vous aide \u00e0 prot\u00e9ger vos activit\u00e9s contre les cyberattaques : webinaires, podcasts, scan gratuit, guides.","breadcrumb":{"@id":"https:\/\/www.becybersafe.be\/fr\/#breadcrumb"},"inLanguage":"fr-FR","potentialAction":[{"@type":"ReadAction","target":["https:\/\/www.becybersafe.be\/fr\/"]}]},{"@type":"BreadcrumbList","@id":"https:\/\/www.becybersafe.be\/fr\/#breadcrumb","itemListElement":[{"@type":"ListItem","position":1,"name":"Home","item":"https:\/\/www.becybersafe.be\/fr\/"},{"@type":"ListItem","position":2,"name":"Home"}]},{"@type":"WebSite","@id":"https:\/\/www.becybersafe.be\/fr\/#website","url":"https:\/\/www.becybersafe.be\/fr\/","name":"BeCyberSafe","description":"","publisher":{"@id":"https:\/\/www.becybersafe.be\/fr\/#organization"},"potentialAction":[{"@type":"SearchAction","target":{"@type":"EntryPoint","urlTemplate":"https:\/\/www.becybersafe.be\/fr\/?s={search_term_string}"},"query-input":{"@type":"PropertyValueSpecification","valueRequired":true,"valueName":"search_term_string"}}],"inLanguage":"fr-FR"},{"@type":"Organization","@id":"https:\/\/www.becybersafe.be\/fr\/#organization","name":"BeCyberSafe","url":"https:\/\/www.becybersafe.be\/fr\/","logo":{"@type":"ImageObject","inLanguage":"fr-FR","@id":"https:\/\/www.becybersafe.be\/fr\/#\/schema\/logo\/image\/","url":"https:\/\/www.becybersafe.be\/app\/uploads\/2023\/08\/BCS_Logo_black@2x-e1693488227698.png","contentUrl":"https:\/\/www.becybersafe.be\/app\/uploads\/2023\/08\/BCS_Logo_black@2x-e1693488227698.png","width":1104,"height":463,"caption":"BeCyberSafe"},"image":{"@id":"https:\/\/www.becybersafe.be\/fr\/#\/schema\/logo\/image\/"}}]}},"_links":{"self":[{"href":"https:\/\/www.becybersafe.be\/fr\/wp-json\/wp\/v2\/pages\/535","targetHints":{"allow":["GET"]}}],"collection":[{"href":"https:\/\/www.becybersafe.be\/fr\/wp-json\/wp\/v2\/pages"}],"about":[{"href":"https:\/\/www.becybersafe.be\/fr\/wp-json\/wp\/v2\/types\/page"}],"author":[{"embeddable":true,"href":"https:\/\/www.becybersafe.be\/fr\/wp-json\/wp\/v2\/users\/1"}],"replies":[{"embeddable":true,"href":"https:\/\/www.becybersafe.be\/fr\/wp-json\/wp\/v2\/comments?post=535"}],"version-history":[{"count":36,"href":"https:\/\/www.becybersafe.be\/fr\/wp-json\/wp\/v2\/pages\/535\/revisions"}],"predecessor-version":[{"id":1716,"href":"https:\/\/www.becybersafe.be\/fr\/wp-json\/wp\/v2\/pages\/535\/revisions\/1716"}],"wp:attachment":[{"href":"https:\/\/www.becybersafe.be\/fr\/wp-json\/wp\/v2\/media?parent=535"}],"curies":[{"name":"wp","href":"https:\/\/api.w.org\/{rel}","templated":true}]}}