{"id":565,"date":"2023-08-11T06:59:12","date_gmt":"2023-08-11T06:59:12","guid":{"rendered":"https:\/\/www.becybersafe.be\/faq\/"},"modified":"2024-02-08T12:32:49","modified_gmt":"2024-02-08T12:32:49","slug":"faq","status":"publish","type":"page","link":"https:\/\/www.becybersafe.be\/fr\/faq\/","title":{"rendered":"la FAQ"},"content":{"rendered":"\n<div class=\"wp-block-columns are-vertically-aligned-top is-layout-flex wp-container-core-columns-is-layout-9d6595d7 wp-block-columns-is-layout-flex\">\n<div class=\"wp-block-column is-vertically-aligned-top is-layout-flow wp-block-column-is-layout-flow\" style=\"flex-basis:25%\">\n<p>Questions intelligentes, r\u00e9ponses claires : bienvenue sur notre page de questions fr\u00e9quemment pos\u00e9es.<\/p>\n\n\n\n<p>Vous avez encore une autre question pour laquelle vous souhaitez une r\u00e9ponse ?<\/p>\n\n\n\n<p>Posez-la nous via <a href=\"mailto:contact@BeCyberSafe.be\">contact@BeCyberSafe.be<\/a> <\/p>\n<\/div>\n\n\n\n<div class=\"wp-block-column is-vertically-aligned-top is-layout-flow wp-block-column-is-layout-flow\" style=\"flex-basis:75%\"><div id=\"faq-block_076ba0572550cde517ae160720b8736a\" class=\"block-faq collapsible-list-container\">\n    <div class=\"collapsible-list-title\">\n                <div class=\"h2\">Trouvez une r\u00e9ponse \u00e0 vos questions !<\/div>\n                <div class=\"h4\"><\/div>\n            <\/div>\n    <div class=\"collapsible-list-wrappper\">\n                <div class=\"collapse-item-container\">\n            <div class=\"collapse-title-container\">\n                <div data-target=\"#collapse-0\" class=\"collapse-title\" data-toggle=\"collapse\" role=\"button\"\n                     aria-expanded=\"false\"\n                     aria-controls=\"collapse-0\">\n                    <div class=\"h2\">Comment puis-je participer \u00e0 un webinaire?<\/div>\n                <\/div>\n            <\/div>\n            <div class=\"collapse collapse-content-container \"\n                 id=\"collapse-0\">\n                <div class=\"collapse-content wysiwyg-content\">\n                        <div class=\"flex flex-grow flex-col max-w-full\">\n<div class=\"min-h-[20px] text-message flex flex-col items-start gap-3 whitespace-pre-wrap break-words [.text-message+&amp;]:mt-5 overflow-x-auto\" data-message-author-role=\"assistant\" data-message-id=\"db0c4051-7773-460a-9893-763171f9b113\">\n<div class=\"markdown prose w-full break-words dark:prose-invert dark\">\n<div class=\"flex flex-grow flex-col max-w-full\">\n<div class=\"min-h-[20px] text-message flex flex-col items-start gap-3 whitespace-pre-wrap break-words [.text-message+&amp;]:mt-5 overflow-x-auto\" data-message-author-role=\"assistant\" data-message-id=\"b88e5735-f058-4897-84b9-d48d5cd12dfa\">\n<div class=\"markdown prose w-full break-words dark:prose-invert dark\">\n<p>Pour participer \u00e0 un webinaire, suivez ces \u00e9tapes simples :<\/p>\n<ol>\n<li><strong>Inscription<\/strong> : Visitez la page web du webinaire ou le site de l&#8217;organisateur pour trouver le webinaire qui vous int\u00e9resse. Cliquez sur le lien d&#8217;inscription fourni et remplissez le formulaire avec vos informations, telles que votre nom et votre adresse e-mail.<\/li>\n<li><strong>Confirmation<\/strong> : Apr\u00e8s votre inscription, vous recevrez un e-mail de confirmation contenant tous les d\u00e9tails n\u00e9cessaires pour participer au webinaire, y compris la date, l&#8217;heure, et le lien d&#8217;acc\u00e8s.<\/li>\n<li><strong>Pr\u00e9paration<\/strong> : Avant le webinaire, assurez-vous d&#8217;avoir une bonne connexion Internet et un appareil compatible (ordinateur, tablette, smartphone) avec des haut-parleurs ou un casque. Il est \u00e9galement recommand\u00e9 de trouver un endroit calme o\u00f9 vous pourrez suivre le webinaire sans interruptions.<\/li>\n<li><strong>Participation<\/strong> : Le jour du webinaire, cliquez sur le lien d&#8217;acc\u00e8s fourni dans l&#8217;e-mail de confirmation pour rejoindre le webinaire en direct. Il est conseill\u00e9 de se connecter quelques minutes avant le d\u00e9but pour s&#8217;assurer que tout fonctionne correctement.<\/li>\n<li><strong>Interaction<\/strong> : Pendant le webinaire, vous aurez souvent la possibilit\u00e9 de poser des questions et d&#8217;interagir avec les pr\u00e9sentateurs via un chat ou d&#8217;autres outils d&#8217;interaction pr\u00e9vus par l&#8217;organisateur.<\/li>\n<\/ol>\n<p>En suivant ces \u00e9tapes, vous serez pr\u00eat \u00e0 participer activement \u00e0 un webinaire et \u00e0 tirer le meilleur parti de cette exp\u00e9rience d&#8217;apprentissage en ligne.<\/p>\n<\/div>\n<\/div>\n<\/div>\n<\/div>\n<\/div>\n<\/div>\n                <\/div>\n            <\/div>\n        <\/div>\n                    <div class=\"collapse-item-container\">\n            <div class=\"collapse-title-container\">\n                <div data-target=\"#collapse-1\" class=\"collapse-title\" data-toggle=\"collapse\" role=\"button\"\n                     aria-expanded=\"false\"\n                     aria-controls=\"collapse-1\">\n                    <div class=\"h2\">Je souhaiterais suivre un webinaire, mais je ne suis pas disponible au moment propos\u00e9.<\/div>\n                <\/div>\n            <\/div>\n            <div class=\"collapse collapse-content-container \"\n                 id=\"collapse-1\">\n                <div class=\"collapse-content wysiwyg-content\">\n                        <div class=\"flex flex-grow flex-col max-w-full\">\n<div class=\"min-h-[20px] text-message flex flex-col items-start gap-3 whitespace-pre-wrap break-words [.text-message+&amp;]:mt-5 overflow-x-auto\" data-message-author-role=\"assistant\" data-message-id=\"cdce541f-2ffc-453a-bf42-6b401c90ca00\">\n<div class=\"markdown prose w-full break-words dark:prose-invert dark\">\n<p>Nous comprenons qu&#8217;il peut parfois \u00eatre difficile d&#8217;assister \u00e0 un webinaire au moment pr\u00e9vu. Pas de souci, nous avons une solution pour vous ! Apr\u00e8s chaque webinaire, nous mettons l&#8217;enregistrement sur notre site web, afin que vous puissiez le visionner \u00e0 un moment qui vous convient. Visitez notre section &#8220;\u00e9v\u00e9nements pass\u00e9s&#8221; sur la page du webinaire pour acc\u00e9der aux webinaires pr\u00e9c\u00e9dents et b\u00e9n\u00e9ficier des informations pr\u00e9cieuses qu&#8217;ils offrent. Nous voulons nous assurer que vous avez acc\u00e8s aux informations dont vous avez besoin, m\u00eame si vous ne pouvez pas participer en direct.<\/p>\n<\/div>\n<\/div>\n<\/div>\n                <\/div>\n            <\/div>\n        <\/div>\n                    <div class=\"collapse-item-container\">\n            <div class=\"collapse-title-container\">\n                <div data-target=\"#collapse-2\" class=\"collapse-title\" data-toggle=\"collapse\" role=\"button\"\n                     aria-expanded=\"false\"\n                     aria-controls=\"collapse-2\">\n                    <div class=\"h2\">J&#8217;ai manqu\u00e9 le webinaire. Puis-je le regarder apr\u00e8s coup ?<\/div>\n                <\/div>\n            <\/div>\n            <div class=\"collapse collapse-content-container \"\n                 id=\"collapse-2\">\n                <div class=\"collapse-content wysiwyg-content\">\n                        <div class=\"flex flex-grow flex-col max-w-full\">\n<div class=\"min-h-[20px] text-message flex flex-col items-start gap-3 whitespace-pre-wrap break-words [.text-message+&amp;]:mt-5 overflow-x-auto\" data-message-author-role=\"assistant\" data-message-id=\"448c7ee8-9064-458e-a816-75ffde0ebd52\">\n<div class=\"markdown prose w-full break-words dark:prose-invert dark\">\n<p>Bien s\u00fbr ! Nous comprenons qu&#8217;il n&#8217;est parfois pas possible de participer en direct \u00e0 nos webinaires. Pas de souci, nous archivons tous les webinaires et les mettons \u00e0 disposition sous forme d&#8217;enregistrements. Vous pouvez regarder l&#8217;enregistrement du webinaire manqu\u00e9 sur notre site web, g\u00e9n\u00e9ralement quelques jours apr\u00e8s l&#8217;\u00e9v\u00e9nement en direct. Visitez notre section &#8220;\u00e9v\u00e9nements pass\u00e9s&#8221; sur la page du webinaire et vous y trouverez les webinaires pr\u00e9c\u00e9dents \u00e0 visionner \u00e0 votre propre rythme. Nous nous effor\u00e7ons de rendre notre contenu accessible \u00e0 tous, quel que soit le moment de participation.<\/p>\n<p>Si vous souhaitez visionner un webinaire, vous devrez bien s\u00fbr fournir au pr\u00e9alable les informations demand\u00e9es afin que nous puissions vous envoyer le lien d&#8217;acc\u00e8s.<\/p>\n<\/div>\n<\/div>\n<\/div>\n                <\/div>\n            <\/div>\n        <\/div>\n                    <div class=\"collapse-item-container\">\n            <div class=\"collapse-title-container\">\n                <div data-target=\"#collapse-3\" class=\"collapse-title\" data-toggle=\"collapse\" role=\"button\"\n                     aria-expanded=\"false\"\n                     aria-controls=\"collapse-3\">\n                    <div class=\"h2\">Puis-je t\u00e9l\u00e9charger les documents sans avoir suivi un webinaire ?<\/div>\n                <\/div>\n            <\/div>\n            <div class=\"collapse collapse-content-container \"\n                 id=\"collapse-3\">\n                <div class=\"collapse-content wysiwyg-content\">\n                        <div class=\"flex flex-grow flex-col max-w-full\">\n<div class=\"min-h-[20px] text-message flex flex-col items-start gap-3 whitespace-pre-wrap break-words [.text-message+&amp;]:mt-5 overflow-x-auto\" data-message-author-role=\"assistant\" data-message-id=\"85a0653e-0807-44a6-b69d-5ed05eedaa25\">\n<div class=\"markdown prose w-full break-words dark:prose-invert dark\">\n<p>Absolument. Les documents servent de r\u00e9f\u00e9rence \u00e0 ce qui a \u00e9t\u00e9 discut\u00e9 lors des webinaires. Ils sont une sorte de guide, mod\u00e8le ou liste de contr\u00f4le qui peuvent vous aider \u00e0 renforcer la s\u00e9curit\u00e9 de votre boutique en ligne ou de votre PME. Vous pouvez toujours t\u00e9l\u00e9charger ces documents gratuitement.<\/p>\n<\/div>\n<\/div>\n<\/div>\n                <\/div>\n            <\/div>\n        <\/div>\n                <\/div>\n<\/div>\n\n<\/div>\n<\/div>\n\n\n\n<div style=\"height:160px\" aria-hidden=\"true\" class=\"wp-block-spacer\"><\/div>\n","protected":false},"excerpt":{"rendered":"<p>Questions intelligentes, r\u00e9ponses claires : bienvenue sur notre page de questions fr\u00e9quemment pos\u00e9es. Vous avez encore une autre question pour &hellip; <a href=\"https:\/\/www.becybersafe.be\/fr\/faq\/\">Continued<\/a><\/p>\n","protected":false},"author":1,"featured_media":0,"parent":0,"menu_order":0,"comment_status":"closed","ping_status":"closed","template":"","meta":{"_acf_changed":false,"footnotes":""},"class_list":["post-565","page","type-page","status-publish","hentry"],"acf":[],"yoast_head":"<!-- This site is optimized with the Yoast SEO plugin v26.1.1 - https:\/\/yoast.com\/wordpress\/plugins\/seo\/ -->\n<title>la FAQ - BeCyberSafe<\/title>\n<meta name=\"robots\" content=\"index, follow, max-snippet:-1, max-image-preview:large, max-video-preview:-1\" \/>\n<link rel=\"canonical\" href=\"https:\/\/www.becybersafe.be\/fr\/faq\/\" \/>\n<meta property=\"og:locale\" content=\"fr_FR\" \/>\n<meta property=\"og:type\" content=\"article\" \/>\n<meta property=\"og:title\" content=\"la FAQ - BeCyberSafe\" \/>\n<meta property=\"og:description\" content=\"Questions intelligentes, r\u00e9ponses claires : bienvenue sur notre page de questions fr\u00e9quemment pos\u00e9es. Vous avez encore une autre question pour &hellip; Continued\" \/>\n<meta property=\"og:url\" content=\"https:\/\/www.becybersafe.be\/fr\/faq\/\" \/>\n<meta property=\"og:site_name\" content=\"BeCyberSafe\" \/>\n<meta property=\"article:modified_time\" content=\"2024-02-08T12:32:49+00:00\" \/>\n<meta name=\"twitter:card\" content=\"summary_large_image\" \/>\n<meta name=\"twitter:label1\" content=\"Est. reading time\" \/>\n\t<meta name=\"twitter:data1\" content=\"1 minute\" \/>\n<script type=\"application\/ld+json\" class=\"yoast-schema-graph\">{\n\t    \"@context\": \"https:\/\/schema.org\",\n\t    \"@graph\": [\n\t        {\n\t            \"@type\": \"WebPage\",\n\t            \"@id\": \"https:\/\/www.becybersafe.be\/fr\/faq\/\",\n\t            \"url\": \"https:\/\/www.becybersafe.be\/fr\/faq\/\",\n\t            \"name\": \"la FAQ - BeCyberSafe\",\n\t            \"isPartOf\": {\n\t                \"@id\": \"https:\/\/www.becybersafe.be\/fr\/#website\"\n\t            },\n\t            \"datePublished\": \"2023-08-11T06:59:12+00:00\",\n\t            \"dateModified\": \"2024-02-08T12:32:49+00:00\",\n\t            \"breadcrumb\": {\n\t                \"@id\": \"https:\/\/www.becybersafe.be\/fr\/faq\/#breadcrumb\"\n\t            },\n\t            \"inLanguage\": \"fr-FR\",\n\t            \"potentialAction\": [\n\t                {\n\t                    \"@type\": \"ReadAction\",\n\t                    \"target\": [\n\t                        \"https:\/\/www.becybersafe.be\/fr\/faq\/\"\n\t                    ]\n\t                }\n\t            ]\n\t        },\n\t        {\n\t            \"@type\": \"BreadcrumbList\",\n\t            \"@id\": \"https:\/\/www.becybersafe.be\/fr\/faq\/#breadcrumb\",\n\t            \"itemListElement\": [\n\t                {\n\t                    \"@type\": \"ListItem\",\n\t                    \"position\": 1,\n\t                    \"name\": \"Home\",\n\t                    \"item\": \"https:\/\/www.becybersafe.be\/fr\/\"\n\t                },\n\t                {\n\t                    \"@type\": \"ListItem\",\n\t                    \"position\": 2,\n\t                    \"name\": \"la FAQ\"\n\t                }\n\t            ]\n\t        },\n\t        {\n\t            \"@type\": \"WebSite\",\n\t            \"@id\": \"https:\/\/www.becybersafe.be\/fr\/#website\",\n\t            \"url\": \"https:\/\/www.becybersafe.be\/fr\/\",\n\t            \"name\": \"BeCyberSafe\",\n\t            \"description\": \"\",\n\t            \"publisher\": {\n\t                \"@id\": \"https:\/\/www.becybersafe.be\/fr\/#organization\"\n\t            },\n\t            \"potentialAction\": [\n\t                {\n\t                    \"@type\": \"SearchAction\",\n\t                    \"target\": {\n\t                        \"@type\": \"EntryPoint\",\n\t                        \"urlTemplate\": \"https:\/\/www.becybersafe.be\/fr\/?s={search_term_string}\"\n\t                    },\n\t                    \"query-input\": {\n\t                        \"@type\": \"PropertyValueSpecification\",\n\t                        \"valueRequired\": true,\n\t                        \"valueName\": \"search_term_string\"\n\t                    }\n\t                }\n\t            ],\n\t            \"inLanguage\": \"fr-FR\"\n\t        },\n\t        {\n\t            \"@type\": \"Organization\",\n\t            \"@id\": \"https:\/\/www.becybersafe.be\/fr\/#organization\",\n\t            \"name\": \"BeCyberSafe\",\n\t            \"url\": \"https:\/\/www.becybersafe.be\/fr\/\",\n\t            \"logo\": {\n\t                \"@type\": \"ImageObject\",\n\t                \"inLanguage\": \"fr-FR\",\n\t                \"@id\": \"https:\/\/www.becybersafe.be\/fr\/#\/schema\/logo\/image\/\",\n\t                \"url\": \"https:\/\/www.becybersafe.be\/app\/uploads\/2023\/08\/BCS_Logo_black@2x-e1693488227698.png\",\n\t                \"contentUrl\": \"https:\/\/www.becybersafe.be\/app\/uploads\/2023\/08\/BCS_Logo_black@2x-e1693488227698.png\",\n\t                \"width\": 1104,\n\t                \"height\": 463,\n\t                \"caption\": \"BeCyberSafe\"\n\t            },\n\t            \"image\": {\n\t                \"@id\": \"https:\/\/www.becybersafe.be\/fr\/#\/schema\/logo\/image\/\"\n\t            }\n\t        }\n\t    ]\n\t}<\/script>\n<!-- \/ Yoast SEO plugin. -->","yoast_head_json":{"title":"la FAQ - BeCyberSafe","robots":{"index":"index","follow":"follow","max-snippet":"max-snippet:-1","max-image-preview":"max-image-preview:large","max-video-preview":"max-video-preview:-1"},"canonical":"https:\/\/www.becybersafe.be\/fr\/faq\/","og_locale":"fr_FR","og_type":"article","og_title":"la FAQ - BeCyberSafe","og_description":"Questions intelligentes, r\u00e9ponses claires : bienvenue sur notre page de questions fr\u00e9quemment pos\u00e9es. Vous avez encore une autre question pour &hellip; Continued","og_url":"https:\/\/www.becybersafe.be\/fr\/faq\/","og_site_name":"BeCyberSafe","article_modified_time":"2024-02-08T12:32:49+00:00","twitter_card":"summary_large_image","twitter_misc":{"Est. reading time":"1 minute"},"schema":{"@context":"https:\/\/schema.org","@graph":[{"@type":"WebPage","@id":"https:\/\/www.becybersafe.be\/fr\/faq\/","url":"https:\/\/www.becybersafe.be\/fr\/faq\/","name":"la FAQ - BeCyberSafe","isPartOf":{"@id":"https:\/\/www.becybersafe.be\/fr\/#website"},"datePublished":"2023-08-11T06:59:12+00:00","dateModified":"2024-02-08T12:32:49+00:00","breadcrumb":{"@id":"https:\/\/www.becybersafe.be\/fr\/faq\/#breadcrumb"},"inLanguage":"fr-FR","potentialAction":[{"@type":"ReadAction","target":["https:\/\/www.becybersafe.be\/fr\/faq\/"]}]},{"@type":"BreadcrumbList","@id":"https:\/\/www.becybersafe.be\/fr\/faq\/#breadcrumb","itemListElement":[{"@type":"ListItem","position":1,"name":"Home","item":"https:\/\/www.becybersafe.be\/fr\/"},{"@type":"ListItem","position":2,"name":"la FAQ"}]},{"@type":"WebSite","@id":"https:\/\/www.becybersafe.be\/fr\/#website","url":"https:\/\/www.becybersafe.be\/fr\/","name":"BeCyberSafe","description":"","publisher":{"@id":"https:\/\/www.becybersafe.be\/fr\/#organization"},"potentialAction":[{"@type":"SearchAction","target":{"@type":"EntryPoint","urlTemplate":"https:\/\/www.becybersafe.be\/fr\/?s={search_term_string}"},"query-input":{"@type":"PropertyValueSpecification","valueRequired":true,"valueName":"search_term_string"}}],"inLanguage":"fr-FR"},{"@type":"Organization","@id":"https:\/\/www.becybersafe.be\/fr\/#organization","name":"BeCyberSafe","url":"https:\/\/www.becybersafe.be\/fr\/","logo":{"@type":"ImageObject","inLanguage":"fr-FR","@id":"https:\/\/www.becybersafe.be\/fr\/#\/schema\/logo\/image\/","url":"https:\/\/www.becybersafe.be\/app\/uploads\/2023\/08\/BCS_Logo_black@2x-e1693488227698.png","contentUrl":"https:\/\/www.becybersafe.be\/app\/uploads\/2023\/08\/BCS_Logo_black@2x-e1693488227698.png","width":1104,"height":463,"caption":"BeCyberSafe"},"image":{"@id":"https:\/\/www.becybersafe.be\/fr\/#\/schema\/logo\/image\/"}}]}},"_links":{"self":[{"href":"https:\/\/www.becybersafe.be\/fr\/wp-json\/wp\/v2\/pages\/565","targetHints":{"allow":["GET"]}}],"collection":[{"href":"https:\/\/www.becybersafe.be\/fr\/wp-json\/wp\/v2\/pages"}],"about":[{"href":"https:\/\/www.becybersafe.be\/fr\/wp-json\/wp\/v2\/types\/page"}],"author":[{"embeddable":true,"href":"https:\/\/www.becybersafe.be\/fr\/wp-json\/wp\/v2\/users\/1"}],"replies":[{"embeddable":true,"href":"https:\/\/www.becybersafe.be\/fr\/wp-json\/wp\/v2\/comments?post=565"}],"version-history":[{"count":2,"href":"https:\/\/www.becybersafe.be\/fr\/wp-json\/wp\/v2\/pages\/565\/revisions"}],"predecessor-version":[{"id":568,"href":"https:\/\/www.becybersafe.be\/fr\/wp-json\/wp\/v2\/pages\/565\/revisions\/568"}],"wp:attachment":[{"href":"https:\/\/www.becybersafe.be\/fr\/wp-json\/wp\/v2\/media?parent=565"}],"curies":[{"name":"wp","href":"https:\/\/api.w.org\/{rel}","templated":true}]}}