{"id":573,"date":"2023-07-31T08:49:58","date_gmt":"2023-07-31T08:49:58","guid":{"rendered":"https:\/\/www.becybersafe.be\/privacy-policy\/"},"modified":"2024-02-08T13:15:10","modified_gmt":"2024-02-08T13:15:10","slug":"privacy-policy","status":"publish","type":"page","link":"https:\/\/www.becybersafe.be\/fr\/privacy-policy\/","title":{"rendered":"Privacy policy"},"content":{"rendered":"\n<p>SNI ASBL, dont le si\u00e8ge social est situ\u00e9 \u00e0 1000 Bruxelles, avenue Bischoffsheim 33, num\u00e9ro BCE\/TVABruxelles: 0410.357.609 (ci-apr\u00e8s d\u00e9nomm\u00e9e SNI), et BECOM ASBL, Markiesstraat 1, 1000 Bruxelles, num\u00e9ro BCE\/TVABruxelles: 0894.199.943 (ci-apr\u00e8s d\u00e9nomm\u00e9e Becom), sont responsables du traitement des donn\u00e9es personnelles tel que d\u00e9crit dans la pr\u00e9sente politique de confidentialit\u00e9.<\/p>\n\n\n\n<p>Donn\u00e9es personnelles que nous traitons SNI et Becom traitent vos donn\u00e9es personnelles parce que vous utilisez nos services et\/ou parce que vous nous les fournissez vous-m\u00eame.<\/p>\n\n\n\n<p>Vous trouverez ci-dessous un aper\u00e7u des donn\u00e9es personnelles que nous traitons :<\/p>\n\n\n\n<ul class=\"wp-block-list\">\n<li>Pr\u00e9nom et nom de famille<\/li>\n\n\n\n<li>Coordonn\u00e9es postales<\/li>\n\n\n\n<li>Adresse e-mail<\/li>\n\n\n\n<li>Adresse IP<\/li>\n\n\n\n<li>Autres donn\u00e9es personnelles que vous fournissez activement, par exemple en prenant rendez-vous sur ce site web, par correspondance et par t\u00e9l\u00e9phone<\/li>\n\n\n\n<li>Donn\u00e9es sur vos activit\u00e9s sur notre site web<\/li>\n\n\n\n<li>Donn\u00e9es sur votre comportement de navigation sur diff\u00e9rents sites web (par exemple, parce que cette entreprise fait partie d&#8217;un r\u00e9seau publicitaire)<\/li>\n\n\n\n<li>Navigateur Internet et type d&#8217;appareil<\/li>\n<\/ul>\n\n\n\n<p>Dans quel but et sur quelle base nous traitons les donn\u00e9es personnelles SNI et Becom traitent vos donn\u00e9es personnelles dans les buts suivants :<\/p>\n\n\n\n<ul class=\"wp-block-list\">\n<li>Traitement de vos rendez-vous<\/li>\n\n\n\n<li>Possibilit\u00e9 de vous appeler ou de vous envoyer un e-mail si n\u00e9cessaire pour pouvoir effectuer nos services<\/li>\n\n\n\n<li>Vous informer des modifications apport\u00e9es \u00e0 nos services et produits<\/li>\n\n\n\n<li>Analyser votre comportement sur le site web pour am\u00e9liorer le site web et adapter l&#8217;offre de produits et services \u00e0 vos pr\u00e9f\u00e9rences.<\/li>\n\n\n\n<li>Obligations l\u00e9gales, telles que le traitement des donn\u00e9es dont nous avons besoin pour nos engagements envers le gouvernement.<\/li>\n<\/ul>\n\n\n\n<p>D\u00e9cision automatis\u00e9e SNI et Becom ne prennent pas de d\u00e9cisions bas\u00e9es sur un traitement automatis\u00e9 sur des questions pouvant avoir des cons\u00e9quences (significatives) pour les personnes. Il s&#8217;agit de d\u00e9cisions prises par des programmes informatiques ou des syst\u00e8mes, sans aucune intervention humaine (par exemple, un employ\u00e9 de SNI et de Becom).<\/p>\n\n\n\n<p>Combien de temps nous conservons les donn\u00e9es personnelles<\/p>\n\n\n\n<p>SNI et Becom ne conservent pas vos donn\u00e9es personnelles plus longtemps que n\u00e9cessaire pour atteindre les objectifs pour lesquels vos donn\u00e9es sont collect\u00e9es. Nous utilisons les p\u00e9riodes de conservation suivantes pour les (cat\u00e9gories) de donn\u00e9es personnelles suivantes :<\/p>\n\n\n\n<ul class=\"wp-block-list\">\n<li>Pr\u00e9nom et nom de famille : 2 ans<\/li>\n\n\n\n<li>Coordonn\u00e9es postales : 2 ans<\/li>\n\n\n\n<li>Adresse e-mail : 2 ans<\/li>\n\n\n\n<li>Adresse IP : 2 ans<\/li>\n\n\n\n<li>Autres donn\u00e9es personnelles que vous fournissez activement, par exemple en cr\u00e9ant un profil sur ce site web, par correspondance et par t\u00e9l\u00e9phone : 2 ans<\/li>\n\n\n\n<li>Donn\u00e9es sur vos activit\u00e9s sur notre site web : 2 ans<\/li>\n\n\n\n<li>Donn\u00e9es sur votre comportement de navigation sur diff\u00e9rents sites web (par exemple, parce que cette entreprise fait partie d&#8217;un r\u00e9seau publicitaire) : 2 ans<\/li>\n\n\n\n<li>Navigateur Internet et type d&#8217;appareil : 2 ans<\/li>\n\n\n\n<li>&#8230;&#8230;&#8230;&#8230;&#8230;&#8230;.<\/li>\n<\/ul>\n\n\n\n<p>Partage des donn\u00e9es personnelles avec des tiers<\/p>\n\n\n\n<p>SNI et Becom ne vendent pas vos donn\u00e9es \u00e0 des tiers et ne les fournissent que si n\u00e9cessaire pour l&#8217;ex\u00e9cution de notre contrat avec vous ou pour se conformer \u00e0 une obligation l\u00e9gale. Nous concluons un accord de traitement avec les entreprises qui traitent vos donn\u00e9es pour notre compte afin de garantir le m\u00eame niveau de s\u00e9curit\u00e9 et de confidentialit\u00e9 de vos donn\u00e9es. SNI et Becom restent responsables de ces op\u00e9rations de traitement.<\/p>\n\n\n\n<p>Cookies, ou techniques similaires, que nous utilisons SNI et Becom utilisent des cookies fonctionnels, analytiques et de suivi. Un cookie est un petit fichier texte qui est stock\u00e9 sur votre ordinateur, tablette ou smartphone lorsque vous visitez ce site web pour la premi\u00e8re fois. Nous utilisons des cookies avec une fonctionnalit\u00e9 purement technique. Ceux-ci garantissent que le site web fonctionne correctement et que, par exemple, vos param\u00e8tres pr\u00e9f\u00e9r\u00e9s sont m\u00e9moris\u00e9s. Ces cookies sont \u00e9galement utilis\u00e9s pour que le site web fonctionne bien et pour l&#8217;optimiser. De plus, nous pla\u00e7ons des cookies qui suivent votre comportement de navigation afin de pouvoir offrir un contenu et des publicit\u00e9s personnalis\u00e9s.<\/p>\n\n\n\n<p>Nous vous avons d\u00e9j\u00e0 inform\u00e9 de ces cookies et avons demand\u00e9 votre autorisation pour les placer lors de votre premi\u00e8re visite sur notre site web.<\/p>\n\n\n\n<p>Vous pouvez refuser les cookies en r\u00e9glant votre navigateur Internet de mani\u00e8re \u00e0 ce qu&#8217;il ne stocke plus de cookies. De plus, vous pouvez \u00e9galement supprimer toutes les informations pr\u00e9c\u00e9demment stock\u00e9es via les param\u00e8tres de votre navigateur.<\/p>\n\n\n\n<p>Voir, modifier ou supprimer des donn\u00e9es Vous avez le droit de consulter, de corriger ou de supprimer vos donn\u00e9es personnelles.<\/p>\n\n\n\n<p>De plus, vous avez le droit de retirer votre consentement au traitement des donn\u00e9es ou de vous opposer au traitement de vos donn\u00e9es personnelles par SNI et Becom, et vous avez le droit \u00e0 la portabilit\u00e9 des donn\u00e9es. Cela signifie que vous pouvez nous demander de vous envoyer les donn\u00e9es personnelles que nous d\u00e9tenons vous concernant dans un fichier informatique, soit \u00e0 vous, soit \u00e0 une autre organisation que vous mentionnez.<\/p>\n\n\n\n<p>Vous pouvez envoyer une demande d&#8217;acc\u00e8s, de correction, de suppression, de transfert de vos donn\u00e9es personnelles ou une demande de retrait de votre consentement ou d&#8217;opposition au traitement de vos donn\u00e9es personnelles \u00e0.<\/p>\n\n\n\n<p>Pour vous assurer que la demande d&#8217;acc\u00e8s a \u00e9t\u00e9 faite par vous, nous vous demandons d&#8217;envoyer une copie de votre carte d&#8217;identit\u00e9 avec la demande. Masquez votre photo de passeport, la zone lisible par machine (MRZ, la bande de chiffres en bas du passeport), le num\u00e9ro de passeport et le num\u00e9ro de service citoyen (BSN) dans cette copie. C&#8217;est pour prot\u00e9ger votre vie priv\u00e9e. Nous r\u00e9pondrons \u00e0 votre demande d\u00e8s que possible, mais dans un d\u00e9lai de quatre semaines.<\/p>\n\n\n\n<p>SNI et Becom tiennent \u00e9galement \u00e0 vous informer que vous avez la possibilit\u00e9 de d\u00e9poser une plainte aupr\u00e8s de l&#8217;autorit\u00e9 de contr\u00f4le nationale, l&#8217;Autorit\u00e9 de protection des donn\u00e9es, contact@apd-gba.be <\/p>\n\n\n\n<p>Bases l\u00e9gales du traitement<\/p>\n\n\n\n<p>Les donn\u00e9es sont trait\u00e9es sur la base des fondements juridiques suivants :<\/p>\n\n\n\n<ul class=\"wp-block-list\">\n<li>Votre consentement, en ce qui concerne le visite de notre site web.<\/li>\n\n\n\n<li>Une relation contractuelle d\u00e8s que vous utilisez nos services.<\/li>\n<\/ul>\n\n\n\n<p>Si vous vous opposez au traitement de vos donn\u00e9es, le contrat ne pourra pas \u00eatre ex\u00e9cut\u00e9 et vous ne pourrez malheureusement plus utiliser nos services.<\/p>\n\n\n\n<p>S\u00e9curisation de vos donn\u00e9es personnelles<\/p>\n\n\n\n<p>SNI et Becom attachent de l&#8217;importance \u00e0 votre vie priv\u00e9e et \u00e0 la protection de vos donn\u00e9es, et prennent des mesures appropri\u00e9es pour pr\u00e9venir tout abus, perte, acc\u00e8s non autoris\u00e9, divulgation non d\u00e9sir\u00e9e et modification non autoris\u00e9e.<\/p>\n\n\n\n<p>Si vous avez l&#8217;impression que vos donn\u00e9es ne sont pas s\u00e9curis\u00e9es ou s&#8217;il y a des indications de mauvais usage, veuillez nous contacter via <a>info@sninet.be<\/a><\/p>\n\n\n\n<p>SNI vzw et Becom vzw attachent de l&#8217;importance \u00e0 votre vie priv\u00e9e. Lorsque des donn\u00e9es personnelles sont demand\u00e9es, ces informations sont uniquement utilis\u00e9es dans le cadre d&#8217;outils de calcul afin de personnaliser vos calculs ou de vous informer de certaines actions ou \u00e9v\u00e9nements. L&#8217;utilisateur peut, gratuitement et sur demande, s&#8217;opposer \u00e0 l&#8217;utilisation de ses donn\u00e9es \u00e0 des fins de marketing direct. \u00c0 cette fin, veuillez vous adresser \u00e0 SNI, avenue Bischoffsheim 33, 1000 Bruxelles ou \u00e0 <a>info@sninet.be<\/a>. Vos donn\u00e9es personnelles ne seront jamais transmises \u00e0 des tiers.<\/p>\n\n\n\n<p>Vos donn\u00e9es personnelles sont collect\u00e9es et trait\u00e9es uniquement pour fournir les informations demand\u00e9es ou pour fournir le service en ligne que vous avez demand\u00e9. Le traitement de vos donn\u00e9es personnelles est limit\u00e9 \u00e0 l&#8217;objectif vis\u00e9. Toutes les donn\u00e9es personnelles fournies sont enregistr\u00e9es dans un fichier. Le responsable est SNI, avenue Bischoffsheim 33, 1000 Bruxelles en Belgique. SNI prend les mesures de s\u00e9curit\u00e9 les plus appropri\u00e9es pour emp\u00eacher tout abus de vos donn\u00e9es personnelles par des tiers.<\/p>\n\n\n\n<p>Conform\u00e9ment \u00e0 la loi sur le traitement des donn\u00e9es \u00e0 caract\u00e8re personnel du 08\/12\/1992, l&#8217;utilisateur dispose d&#8217;un droit l\u00e9gal d&#8217;acc\u00e8s et de rectification de ses donn\u00e9es personnelles. Sur pr\u00e9sentation d&#8217;une preuve d&#8217;identit\u00e9 (copie de la carte d&#8217;identit\u00e9), vous pouvez, par demande \u00e9crite, dat\u00e9e et sign\u00e9e adress\u00e9e \u00e0 SNI, avenue Bischoffsheim 33, 1000 Bruxelles ou \u00e0 <a>info@sninet.be<\/a>, obtenir gratuitement une communication \u00e9crite de vos donn\u00e9es personnelles. Si n\u00e9cessaire, vous pouvez \u00e9galement demander la correction des donn\u00e9es qui seraient incorrectes, incompl\u00e8tes ou non pertinentes.<\/p>\n\n\n\n<p>SNI peut collecter des donn\u00e9es anonymes ou agr\u00e9g\u00e9es de nature non personnelle, telles que le type de navigateur ou l&#8217;adresse IP, le syst\u00e8me d&#8217;exploitation que vous utilisez ou le nom de domaine du site web \u00e0 partir duquel vous \u00eates arriv\u00e9 sur notre site web, ou celui que vous quittez. Cela nous permet d&#8217;optimiser en permanence notre site web pour les utilisateurs.<\/p>\n\n\n\n<p>L&#8217;utilisation de cookies.<\/p>\n\n\n\n<p>Les cookies sont de petits fichiers temporaires stock\u00e9s sur votre disque dur lors d&#8217;une visite sur un site web. Ils servent uniquement \u00e0 mieux adapter le site aux besoins du visiteur r\u00e9gulier, \u00e0 faciliter la navigation et contribuent grandement \u00e0 la convivialit\u00e9 du site web. Ces petits fichiers ou cookies ne sont pas utilis\u00e9s pour suivre le comportement de navigation du visiteur sur d&#8217;autres sites web. Votre navigateur Internet vous permet de bloquer l&#8217;utilisation de cookies, de recevoir un avertissement lorsqu&#8217;un cookie est install\u00e9 ou de supprimer les cookies par la suite de votre disque dur. Consultez la fonction d&#8217;aide de votre navigateur Internet \u00e0 cet effet.<\/p>\n\n\n\n<p>Si vous souhaitez \u00eatre averti par votre navigateur lorsqu&#8217;un cookie est envoy\u00e9, vous pouvez ajuster les param\u00e8tres de votre navigateur. Si vous ne souhaitez pas recevoir de cookies, vous pouvez choisir l&#8217;option &#8220;refuser les cookies&#8221; dans les param\u00e8tres de votre navigateur. Vous ne recevrez alors plus de cookies. Cependant, cela peut entra\u00eener une perte de fonctionnalit\u00e9s et de convivialit\u00e9 du site web.<\/p>\n","protected":false},"excerpt":{"rendered":"<p>SNI ASBL, dont le si\u00e8ge social est situ\u00e9 \u00e0 1000 Bruxelles, avenue Bischoffsheim 33, num\u00e9ro BCE\/TVABruxelles: 0410.357.609 (ci-apr\u00e8s d\u00e9nomm\u00e9e SNI), &hellip; <a href=\"https:\/\/www.becybersafe.be\/fr\/privacy-policy\/\">Continued<\/a><\/p>\n","protected":false},"author":1,"featured_media":0,"parent":0,"menu_order":0,"comment_status":"closed","ping_status":"open","template":"","meta":{"_acf_changed":false,"footnotes":""},"class_list":["post-573","page","type-page","status-publish","hentry"],"acf":[],"yoast_head":"<!-- This site is optimized with the Yoast SEO plugin v26.1.1 - https:\/\/yoast.com\/wordpress\/plugins\/seo\/ -->\n<title>Privacy policy - BeCyberSafe<\/title>\n<meta name=\"robots\" content=\"index, follow, max-snippet:-1, max-image-preview:large, max-video-preview:-1\" \/>\n<link rel=\"canonical\" href=\"https:\/\/www.becybersafe.be\/fr\/privacy-policy\/\" \/>\n<meta property=\"og:locale\" content=\"fr_FR\" \/>\n<meta property=\"og:type\" content=\"article\" \/>\n<meta property=\"og:title\" content=\"Privacy policy - BeCyberSafe\" \/>\n<meta property=\"og:description\" content=\"SNI ASBL, dont le si\u00e8ge social est situ\u00e9 \u00e0 1000 Bruxelles, avenue Bischoffsheim 33, num\u00e9ro BCE\/TVABruxelles: 0410.357.609 (ci-apr\u00e8s d\u00e9nomm\u00e9e SNI), &hellip; Continued\" \/>\n<meta property=\"og:url\" content=\"https:\/\/www.becybersafe.be\/fr\/privacy-policy\/\" \/>\n<meta property=\"og:site_name\" content=\"BeCyberSafe\" \/>\n<meta property=\"article:modified_time\" content=\"2024-02-08T13:15:10+00:00\" \/>\n<meta name=\"twitter:card\" content=\"summary_large_image\" \/>\n<meta name=\"twitter:label1\" content=\"Est. reading time\" \/>\n\t<meta name=\"twitter:data1\" content=\"8 minutes\" \/>\n<script type=\"application\/ld+json\" class=\"yoast-schema-graph\">{\n\t    \"@context\": \"https:\/\/schema.org\",\n\t    \"@graph\": [\n\t        {\n\t            \"@type\": \"WebPage\",\n\t            \"@id\": \"https:\/\/www.becybersafe.be\/fr\/privacy-policy\/\",\n\t            \"url\": \"https:\/\/www.becybersafe.be\/fr\/privacy-policy\/\",\n\t            \"name\": \"Privacy policy - BeCyberSafe\",\n\t            \"isPartOf\": {\n\t                \"@id\": \"https:\/\/www.becybersafe.be\/fr\/#website\"\n\t            },\n\t            \"datePublished\": \"2023-07-31T08:49:58+00:00\",\n\t            \"dateModified\": \"2024-02-08T13:15:10+00:00\",\n\t            \"breadcrumb\": {\n\t                \"@id\": \"https:\/\/www.becybersafe.be\/fr\/privacy-policy\/#breadcrumb\"\n\t            },\n\t            \"inLanguage\": \"fr-FR\",\n\t            \"potentialAction\": [\n\t                {\n\t                    \"@type\": \"ReadAction\",\n\t                    \"target\": [\n\t                        \"https:\/\/www.becybersafe.be\/fr\/privacy-policy\/\"\n\t                    ]\n\t                }\n\t            ]\n\t        },\n\t        {\n\t            \"@type\": \"BreadcrumbList\",\n\t            \"@id\": \"https:\/\/www.becybersafe.be\/fr\/privacy-policy\/#breadcrumb\",\n\t            \"itemListElement\": [\n\t                {\n\t                    \"@type\": \"ListItem\",\n\t                    \"position\": 1,\n\t                    \"name\": \"Home\",\n\t                    \"item\": \"https:\/\/www.becybersafe.be\/fr\/\"\n\t                },\n\t                {\n\t                    \"@type\": \"ListItem\",\n\t                    \"position\": 2,\n\t                    \"name\": \"Privacy policy\"\n\t                }\n\t            ]\n\t        },\n\t        {\n\t            \"@type\": \"WebSite\",\n\t            \"@id\": \"https:\/\/www.becybersafe.be\/fr\/#website\",\n\t            \"url\": \"https:\/\/www.becybersafe.be\/fr\/\",\n\t            \"name\": \"BeCyberSafe\",\n\t            \"description\": \"\",\n\t            \"publisher\": {\n\t                \"@id\": \"https:\/\/www.becybersafe.be\/fr\/#organization\"\n\t            },\n\t            \"potentialAction\": [\n\t                {\n\t                    \"@type\": \"SearchAction\",\n\t                    \"target\": {\n\t                        \"@type\": \"EntryPoint\",\n\t                        \"urlTemplate\": \"https:\/\/www.becybersafe.be\/fr\/?s={search_term_string}\"\n\t                    },\n\t                    \"query-input\": {\n\t                        \"@type\": \"PropertyValueSpecification\",\n\t                        \"valueRequired\": true,\n\t                        \"valueName\": \"search_term_string\"\n\t                    }\n\t                }\n\t            ],\n\t            \"inLanguage\": \"fr-FR\"\n\t        },\n\t        {\n\t            \"@type\": \"Organization\",\n\t            \"@id\": \"https:\/\/www.becybersafe.be\/fr\/#organization\",\n\t            \"name\": \"BeCyberSafe\",\n\t            \"url\": \"https:\/\/www.becybersafe.be\/fr\/\",\n\t            \"logo\": {\n\t                \"@type\": \"ImageObject\",\n\t                \"inLanguage\": \"fr-FR\",\n\t                \"@id\": \"https:\/\/www.becybersafe.be\/fr\/#\/schema\/logo\/image\/\",\n\t                \"url\": \"https:\/\/www.becybersafe.be\/app\/uploads\/2023\/08\/BCS_Logo_black@2x-e1693488227698.png\",\n\t                \"contentUrl\": \"https:\/\/www.becybersafe.be\/app\/uploads\/2023\/08\/BCS_Logo_black@2x-e1693488227698.png\",\n\t                \"width\": 1104,\n\t                \"height\": 463,\n\t                \"caption\": \"BeCyberSafe\"\n\t            },\n\t            \"image\": {\n\t                \"@id\": \"https:\/\/www.becybersafe.be\/fr\/#\/schema\/logo\/image\/\"\n\t            }\n\t        }\n\t    ]\n\t}<\/script>\n<!-- \/ Yoast SEO plugin. -->","yoast_head_json":{"title":"Privacy policy - BeCyberSafe","robots":{"index":"index","follow":"follow","max-snippet":"max-snippet:-1","max-image-preview":"max-image-preview:large","max-video-preview":"max-video-preview:-1"},"canonical":"https:\/\/www.becybersafe.be\/fr\/privacy-policy\/","og_locale":"fr_FR","og_type":"article","og_title":"Privacy policy - BeCyberSafe","og_description":"SNI ASBL, dont le si\u00e8ge social est situ\u00e9 \u00e0 1000 Bruxelles, avenue Bischoffsheim 33, num\u00e9ro BCE\/TVABruxelles: 0410.357.609 (ci-apr\u00e8s d\u00e9nomm\u00e9e SNI), &hellip; Continued","og_url":"https:\/\/www.becybersafe.be\/fr\/privacy-policy\/","og_site_name":"BeCyberSafe","article_modified_time":"2024-02-08T13:15:10+00:00","twitter_card":"summary_large_image","twitter_misc":{"Est. reading time":"8 minutes"},"schema":{"@context":"https:\/\/schema.org","@graph":[{"@type":"WebPage","@id":"https:\/\/www.becybersafe.be\/fr\/privacy-policy\/","url":"https:\/\/www.becybersafe.be\/fr\/privacy-policy\/","name":"Privacy policy - BeCyberSafe","isPartOf":{"@id":"https:\/\/www.becybersafe.be\/fr\/#website"},"datePublished":"2023-07-31T08:49:58+00:00","dateModified":"2024-02-08T13:15:10+00:00","breadcrumb":{"@id":"https:\/\/www.becybersafe.be\/fr\/privacy-policy\/#breadcrumb"},"inLanguage":"fr-FR","potentialAction":[{"@type":"ReadAction","target":["https:\/\/www.becybersafe.be\/fr\/privacy-policy\/"]}]},{"@type":"BreadcrumbList","@id":"https:\/\/www.becybersafe.be\/fr\/privacy-policy\/#breadcrumb","itemListElement":[{"@type":"ListItem","position":1,"name":"Home","item":"https:\/\/www.becybersafe.be\/fr\/"},{"@type":"ListItem","position":2,"name":"Privacy policy"}]},{"@type":"WebSite","@id":"https:\/\/www.becybersafe.be\/fr\/#website","url":"https:\/\/www.becybersafe.be\/fr\/","name":"BeCyberSafe","description":"","publisher":{"@id":"https:\/\/www.becybersafe.be\/fr\/#organization"},"potentialAction":[{"@type":"SearchAction","target":{"@type":"EntryPoint","urlTemplate":"https:\/\/www.becybersafe.be\/fr\/?s={search_term_string}"},"query-input":{"@type":"PropertyValueSpecification","valueRequired":true,"valueName":"search_term_string"}}],"inLanguage":"fr-FR"},{"@type":"Organization","@id":"https:\/\/www.becybersafe.be\/fr\/#organization","name":"BeCyberSafe","url":"https:\/\/www.becybersafe.be\/fr\/","logo":{"@type":"ImageObject","inLanguage":"fr-FR","@id":"https:\/\/www.becybersafe.be\/fr\/#\/schema\/logo\/image\/","url":"https:\/\/www.becybersafe.be\/app\/uploads\/2023\/08\/BCS_Logo_black@2x-e1693488227698.png","contentUrl":"https:\/\/www.becybersafe.be\/app\/uploads\/2023\/08\/BCS_Logo_black@2x-e1693488227698.png","width":1104,"height":463,"caption":"BeCyberSafe"},"image":{"@id":"https:\/\/www.becybersafe.be\/fr\/#\/schema\/logo\/image\/"}}]}},"_links":{"self":[{"href":"https:\/\/www.becybersafe.be\/fr\/wp-json\/wp\/v2\/pages\/573","targetHints":{"allow":["GET"]}}],"collection":[{"href":"https:\/\/www.becybersafe.be\/fr\/wp-json\/wp\/v2\/pages"}],"about":[{"href":"https:\/\/www.becybersafe.be\/fr\/wp-json\/wp\/v2\/types\/page"}],"author":[{"embeddable":true,"href":"https:\/\/www.becybersafe.be\/fr\/wp-json\/wp\/v2\/users\/1"}],"replies":[{"embeddable":true,"href":"https:\/\/www.becybersafe.be\/fr\/wp-json\/wp\/v2\/comments?post=573"}],"version-history":[{"count":2,"href":"https:\/\/www.becybersafe.be\/fr\/wp-json\/wp\/v2\/pages\/573\/revisions"}],"predecessor-version":[{"id":578,"href":"https:\/\/www.becybersafe.be\/fr\/wp-json\/wp\/v2\/pages\/573\/revisions\/578"}],"wp:attachment":[{"href":"https:\/\/www.becybersafe.be\/fr\/wp-json\/wp\/v2\/media?parent=573"}],"curies":[{"name":"wp","href":"https:\/\/api.w.org\/{rel}","templated":true}]}}